{"id":369,"date":"2015-04-23T16:11:45","date_gmt":"2015-04-23T15:11:45","guid":{"rendered":"https:\/\/shakepeinture.ch\/?page_id=369"},"modified":"2015-04-23T16:11:45","modified_gmt":"2015-04-23T15:11:45","slug":"renovation-de-la-facade-dun-chalet-a-collex","status":"publish","type":"page","link":"https:\/\/shakepeinture.ch\/?page_id=369","title":{"rendered":"R\u00e9novation de la fa\u00e7ade d&rsquo;un chalet \u00e0 Collex"},"content":{"rendered":"<div class=\"clear\"><\/div><div id=\"galleria\"><img src=\"https:\/\/shakepeinture.ch\/wp-content\/uploads\/2015\/04\/Martenand-chalet-1.jpg\" alt=\"\" \/><img src=\"https:\/\/shakepeinture.ch\/wp-content\/uploads\/2015\/04\/Martenand-chalet-2.jpg\" alt=\"\" \/><img src=\"https:\/\/shakepeinture.ch\/wp-content\/uploads\/2015\/04\/Martenand-chalet-3.jpg\" alt=\"\" \/><\/div><div class=\"clear\"><\/div><script>var mtheme_galleria_uri=\"https:\/\/shakepeinture.ch\/wp-content\/themes\/catalyst\/js\/galleria\/\"; Galleria.loadTheme(mtheme_galleria_uri+'galleria.classic.js'); jQuery('#galleria').galleria({ autoplay: 5000 , transitionSpeed: 600, thumbCrop: true,transition: 'fadeslide', showCounter: false, imageCrop: true, width: 880, height: 587 ,imageCrop: true }); <\/script>\n<p>2014<br \/>\nTravaux de peinture<\/p>\n","protected":false},"excerpt":{"rendered":"<p>2014 Travaux de peinture<\/p>\n","protected":false},"author":1,"featured_media":0,"parent":0,"menu_order":0,"comment_status":"closed","ping_status":"closed","template":"template-fullwidth.php","meta":[],"_links":{"self":[{"href":"https:\/\/shakepeinture.ch\/index.php?rest_route=\/wp\/v2\/pages\/369"}],"collection":[{"href":"https:\/\/shakepeinture.ch\/index.php?rest_route=\/wp\/v2\/pages"}],"about":[{"href":"https:\/\/shakepeinture.ch\/index.php?rest_route=\/wp\/v2\/types\/page"}],"author":[{"embeddable":true,"href":"https:\/\/shakepeinture.ch\/index.php?rest_route=\/wp\/v2\/users\/1"}],"replies":[{"embeddable":true,"href":"https:\/\/shakepeinture.ch\/index.php?rest_route=%2Fwp%2Fv2%2Fcomments&post=369"}],"version-history":[{"count":1,"href":"https:\/\/shakepeinture.ch\/index.php?rest_route=\/wp\/v2\/pages\/369\/revisions"}],"predecessor-version":[{"id":373,"href":"https:\/\/shakepeinture.ch\/index.php?rest_route=\/wp\/v2\/pages\/369\/revisions\/373"}],"wp:attachment":[{"href":"https:\/\/shakepeinture.ch\/index.php?rest_route=%2Fwp%2Fv2%2Fmedia&parent=369"}],"curies":[{"name":"wp","href":"https:\/\/api.w.org\/{rel}","templated":true}]}}