{"id":30,"date":"2014-03-01T16:02:49","date_gmt":"2014-03-01T15:02:49","guid":{"rendered":"https:\/\/shakepeinture.ch\/?page_id=30"},"modified":"2014-03-11T11:56:28","modified_gmt":"2014-03-11T10:56:28","slug":"30-2","status":"publish","type":"page","link":"https:\/\/shakepeinture.ch\/?page_id=30","title":{"rendered":"comp\u00e9tences"},"content":{"rendered":"<p style=\"text-align: justify; padding-left: 300px;\">Shake peinture S\u00e0rl est sp\u00e9cialis\u00e9e aussi bien dans des travaux relatifs \u00e0 la construction d\u2019objets neufs que la transformation, la restauration et l\u2019entretien d\u2019objets existants. Nous vous garantissons un travail d\u2019une qualit\u00e9 irr\u00e9prochable, gr\u00e2ce \u00e0 notre main-d\u2019\u0153uvre qualifi\u00e9e et respectueuse de vos besoins et de votre projet.<\/p>\n<hr \/>\n<p style=\"text-align: justify; padding-left: 300px;\"><strong>Pl\u00e2trerie<\/strong><\/p>\n<p style=\"text-align: justify; padding-left: 300px;\"><strong>Peinture<\/strong><\/p>\n<p style=\"text-align: justify; padding-left: 300px;\"><strong>Papiers-peints<\/strong><\/p>\n<p style=\"text-align: justify; padding-left: 300px;\"><strong>Isolation de fa\u00e7ade<\/strong><\/p>\n<p style=\"text-align: justify; padding-left: 300px;\"><strong>Faux-plafonds<\/strong><\/p>\n<hr \/>\n<p style=\"text-align: justify; padding-left: 300px;\">Nous sommes \u00e0 votre disposition pour toutes vos questions. N\u2019h\u00e9sitez pas \u00e0 nous contacter si vous avez besoin de l\u2019avis d\u2019un professionnel, nous vous renseignerons avec plaisir.<\/p>\n<p style=\"text-align: justify; padding-left: 300px;\">\n","protected":false},"excerpt":{"rendered":"<p>Shake peinture S\u00e0rl est sp\u00e9cialis\u00e9e aussi bien dans des travaux relatifs \u00e0 la construction d\u2019objets neufs que la transformation, la restauration et l\u2019entretien d\u2019objets existants. Nous vous garantissons un travail d\u2019une qualit\u00e9 irr\u00e9prochable, gr\u00e2ce \u00e0 notre main-d\u2019\u0153uvre qualifi\u00e9e et respectueuse de vos besoins et de votre projet. Pl\u00e2trerie Peinture Papiers-peints Isolation de fa\u00e7ade Faux-plafonds Nous [&hellip;]<\/p>\n","protected":false},"author":1,"featured_media":0,"parent":0,"menu_order":0,"comment_status":"closed","ping_status":"closed","template":"template-fullwidth.php","meta":[],"_links":{"self":[{"href":"https:\/\/shakepeinture.ch\/index.php?rest_route=\/wp\/v2\/pages\/30"}],"collection":[{"href":"https:\/\/shakepeinture.ch\/index.php?rest_route=\/wp\/v2\/pages"}],"about":[{"href":"https:\/\/shakepeinture.ch\/index.php?rest_route=\/wp\/v2\/types\/page"}],"author":[{"embeddable":true,"href":"https:\/\/shakepeinture.ch\/index.php?rest_route=\/wp\/v2\/users\/1"}],"replies":[{"embeddable":true,"href":"https:\/\/shakepeinture.ch\/index.php?rest_route=%2Fwp%2Fv2%2Fcomments&post=30"}],"version-history":[{"count":8,"href":"https:\/\/shakepeinture.ch\/index.php?rest_route=\/wp\/v2\/pages\/30\/revisions"}],"predecessor-version":[{"id":236,"href":"https:\/\/shakepeinture.ch\/index.php?rest_route=\/wp\/v2\/pages\/30\/revisions\/236"}],"wp:attachment":[{"href":"https:\/\/shakepeinture.ch\/index.php?rest_route=%2Fwp%2Fv2%2Fmedia&parent=30"}],"curies":[{"name":"wp","href":"https:\/\/api.w.org\/{rel}","templated":true}]}}