{"id":243,"date":"2014-03-14T11:33:05","date_gmt":"2014-03-14T10:33:05","guid":{"rendered":"https:\/\/shakepeinture.ch\/?page_id=243"},"modified":"2015-04-23T13:29:55","modified_gmt":"2015-04-23T12:29:55","slug":"renovation-dun-appartement-a-geneve","status":"publish","type":"page","link":"https:\/\/shakepeinture.ch\/?page_id=243","title":{"rendered":"R\u00e9novation d&rsquo;un appartement \u00e0 Gen\u00e8ve"},"content":{"rendered":"<div class=\"clear\"><\/div><div id=\"galleria\"><img src=\"https:\/\/shakepeinture.ch\/wp-content\/uploads\/2014\/03\/Appartement-colombier-1.jpg\" alt=\"\" \/><img src=\"https:\/\/shakepeinture.ch\/wp-content\/uploads\/2014\/03\/Appartement-colombier-2.jpg\" alt=\"\" \/><img src=\"https:\/\/shakepeinture.ch\/wp-content\/uploads\/2014\/03\/Appartement-colombier-3.jpg\" alt=\"\" \/><img src=\"https:\/\/shakepeinture.ch\/wp-content\/uploads\/2014\/03\/Appartement-colombier-4.jpg\" alt=\"\" \/><img src=\"https:\/\/shakepeinture.ch\/wp-content\/uploads\/2014\/03\/Appartement-colombier-5.jpg\" alt=\"\" \/><img src=\"https:\/\/shakepeinture.ch\/wp-content\/uploads\/2014\/03\/Appartement-colombier-6.jpg\" alt=\"\" \/><img src=\"https:\/\/shakepeinture.ch\/wp-content\/uploads\/2014\/03\/Appartement-colombier-7.jpg\" alt=\"\" \/><img src=\"https:\/\/shakepeinture.ch\/wp-content\/uploads\/2014\/03\/Appartement-colombier-8.jpg\" alt=\"\" \/><img src=\"https:\/\/shakepeinture.ch\/wp-content\/uploads\/2014\/03\/Appartement-colombier-9.jpg\" alt=\"\" \/><img src=\"https:\/\/shakepeinture.ch\/wp-content\/uploads\/2014\/03\/Appartement-colombier-10.jpg\" alt=\"\" \/><img src=\"https:\/\/shakepeinture.ch\/wp-content\/uploads\/2014\/03\/Appartement-colombier-11.jpg\" alt=\"\" \/><img src=\"https:\/\/shakepeinture.ch\/wp-content\/uploads\/2014\/03\/Appartement-colombier-12.jpg\" alt=\"\" \/><\/div><div class=\"clear\"><\/div><script>var mtheme_galleria_uri=\"https:\/\/shakepeinture.ch\/wp-content\/themes\/catalyst\/js\/galleria\/\"; Galleria.loadTheme(mtheme_galleria_uri+'galleria.classic.js'); jQuery('#galleria').galleria({ autoplay: 5000 , transitionSpeed: 600, thumbCrop: true,transition: 'fadeslide', showCounter: false, imageCrop: true, width: 880, height: 587 ,imageCrop: true }); <\/script>\n<p>2012-2013<br \/>\nTravaux de pl\u00e2trerie et peinture<br \/>\nOmarini architecture<\/p>\n","protected":false},"excerpt":{"rendered":"<p>2012-2013 Travaux de pl\u00e2trerie et peinture Omarini architecture<\/p>\n","protected":false},"author":1,"featured_media":0,"parent":0,"menu_order":0,"comment_status":"closed","ping_status":"closed","template":"template-fullwidth.php","meta":[],"_links":{"self":[{"href":"https:\/\/shakepeinture.ch\/index.php?rest_route=\/wp\/v2\/pages\/243"}],"collection":[{"href":"https:\/\/shakepeinture.ch\/index.php?rest_route=\/wp\/v2\/pages"}],"about":[{"href":"https:\/\/shakepeinture.ch\/index.php?rest_route=\/wp\/v2\/types\/page"}],"author":[{"embeddable":true,"href":"https:\/\/shakepeinture.ch\/index.php?rest_route=\/wp\/v2\/users\/1"}],"replies":[{"embeddable":true,"href":"https:\/\/shakepeinture.ch\/index.php?rest_route=%2Fwp%2Fv2%2Fcomments&post=243"}],"version-history":[{"count":4,"href":"https:\/\/shakepeinture.ch\/index.php?rest_route=\/wp\/v2\/pages\/243\/revisions"}],"predecessor-version":[{"id":259,"href":"https:\/\/shakepeinture.ch\/index.php?rest_route=\/wp\/v2\/pages\/243\/revisions\/259"}],"wp:attachment":[{"href":"https:\/\/shakepeinture.ch\/index.php?rest_route=%2Fwp%2Fv2%2Fmedia&parent=243"}],"curies":[{"name":"wp","href":"https:\/\/api.w.org\/{rel}","templated":true}]}}