{"id":180,"date":"2014-03-05T08:59:15","date_gmt":"2014-03-05T07:59:15","guid":{"rendered":"https:\/\/shakepeinture.ch\/?page_id=180"},"modified":"2014-03-14T14:40:35","modified_gmt":"2014-03-14T13:40:35","slug":"appartement-a-geneve","status":"publish","type":"page","link":"https:\/\/shakepeinture.ch\/?page_id=180","title":{"rendered":"Appartement \u00e0 Gen\u00e8ve"},"content":{"rendered":"<p><span style=\"line-height: 1.5em;\"><div class=\"clear\"><\/div><div id=\"galleria\"><img src=\"https:\/\/shakepeinture.ch\/wp-content\/uploads\/2014\/03\/Appartement-Geneve-DL-I-1.jpg\" alt=\"\" \/><img src=\"https:\/\/shakepeinture.ch\/wp-content\/uploads\/2014\/03\/Appartement-Geneve-DL-I-2.jpg\" alt=\"\" \/><img src=\"https:\/\/shakepeinture.ch\/wp-content\/uploads\/2014\/03\/Appartement-Geneve-DL-I-3.jpg\" alt=\"\" \/><img src=\"https:\/\/shakepeinture.ch\/wp-content\/uploads\/2014\/03\/Appartement-Geneve-DL-I-4.jpg\" alt=\"\" \/><img src=\"https:\/\/shakepeinture.ch\/wp-content\/uploads\/2014\/03\/Appartement-Geneve-DL-I-5.jpg\" alt=\"\" \/><img src=\"https:\/\/shakepeinture.ch\/wp-content\/uploads\/2014\/03\/Appartement-Geneve-DL-I-6.jpg\" alt=\"\" \/><img src=\"https:\/\/shakepeinture.ch\/wp-content\/uploads\/2014\/03\/Appartement-Geneve-DL-I-7.jpg\" alt=\"\" \/><\/div><div class=\"clear\"><\/div><script>var mtheme_galleria_uri=\"https:\/\/shakepeinture.ch\/wp-content\/themes\/catalyst\/js\/galleria\/\"; Galleria.loadTheme(mtheme_galleria_uri+'galleria.classic.js'); jQuery('#galleria').galleria({ autoplay: 5000 , transitionSpeed: 600, thumbCrop: true,transition: 'fadeslide', showCounter: false, imageCrop: true, width: 880, height: 587 ,imageCrop: true }); <\/script><\/span><\/p>\n<p>2013<br \/>\nTravaux de pl\u00e2trerie, peinture et faux-plafond<br \/>\nDl-i Devanth\u00e9ry, Lamuni\u00e8re &#038; Mas Durbec Int\u00e9rieurs<\/p>\n","protected":false},"excerpt":{"rendered":"<p>2013 Travaux de pl\u00e2trerie, peinture et faux-plafond Dl-i Devanth\u00e9ry, Lamuni\u00e8re &#038; Mas Durbec Int\u00e9rieurs<\/p>\n","protected":false},"author":1,"featured_media":0,"parent":0,"menu_order":0,"comment_status":"closed","ping_status":"closed","template":"template-fullwidth.php","meta":[],"_links":{"self":[{"href":"https:\/\/shakepeinture.ch\/index.php?rest_route=\/wp\/v2\/pages\/180"}],"collection":[{"href":"https:\/\/shakepeinture.ch\/index.php?rest_route=\/wp\/v2\/pages"}],"about":[{"href":"https:\/\/shakepeinture.ch\/index.php?rest_route=\/wp\/v2\/types\/page"}],"author":[{"embeddable":true,"href":"https:\/\/shakepeinture.ch\/index.php?rest_route=\/wp\/v2\/users\/1"}],"replies":[{"embeddable":true,"href":"https:\/\/shakepeinture.ch\/index.php?rest_route=%2Fwp%2Fv2%2Fcomments&post=180"}],"version-history":[{"count":3,"href":"https:\/\/shakepeinture.ch\/index.php?rest_route=\/wp\/v2\/pages\/180\/revisions"}],"predecessor-version":[{"id":272,"href":"https:\/\/shakepeinture.ch\/index.php?rest_route=\/wp\/v2\/pages\/180\/revisions\/272"}],"wp:attachment":[{"href":"https:\/\/shakepeinture.ch\/index.php?rest_route=%2Fwp%2Fv2%2Fmedia&parent=180"}],"curies":[{"name":"wp","href":"https:\/\/api.w.org\/{rel}","templated":true}]}}